{"id":15609,"date":"2022-03-23T19:17:13","date_gmt":"2022-03-24T02:17:13","guid":{"rendered":"https:\/\/www.opalco.com\/?page_id=15609"},"modified":"2024-06-21T23:38:24","modified_gmt":"2024-06-22T06:38:24","slug":"estacion-de-carga-para-vehiculos-electricos","status":"publish","type":"page","link":"https:\/\/www.opalco.com\/es\/ahorrar\/reembolsos-residenciales\/estacion-de-carga-para-vehiculos-electricos\/","title":{"rendered":"Reembolso por estaci\u00f3n de carga para veh\u00edculos el\u00e9ctricos"},"content":{"rendered":"","protected":false},"excerpt":{"rendered":"","protected":false},"author":1,"featured_media":0,"parent":15599,"menu_order":0,"comment_status":"closed","ping_status":"closed","template":"","meta":{"_acf_changed":false,"_searchwp_excluded":"","footnotes":""},"class_list":["post-15609","page","type-page","status-publish","hentry"],"acf":[],"yoast_head":"<!-- This site is optimized with the Yoast SEO plugin v27.2 - https:\/\/yoast.com\/product\/yoast-seo-wordpress\/ -->\n<title>EV Charging Station Rebate - OPALCO<\/title>\n<meta name=\"robots\" content=\"index, follow, max-snippet:-1, max-image-preview:large, max-video-preview:-1\" \/>\n<link rel=\"canonical\" href=\"https:\/\/www.opalco.com\/es\/ahorrar\/reembolsos-residenciales\/estacion-de-carga-para-vehiculos-electricos\/\" \/>\n<meta property=\"og:locale\" content=\"es_ES\" \/>\n<meta property=\"og:type\" content=\"article\" \/>\n<meta property=\"og:title\" content=\"EV Charging Station Rebate - OPALCO\" \/>\n<meta property=\"og:url\" content=\"https:\/\/www.opalco.com\/es\/ahorrar\/reembolsos-residenciales\/estacion-de-carga-para-vehiculos-electricos\/\" \/>\n<meta property=\"og:site_name\" content=\"OPALCO\" \/>\n<meta property=\"article:publisher\" content=\"https:\/\/www.facebook.com\/orcaspower\" \/>\n<meta property=\"article:modified_time\" content=\"2024-06-22T06:38:24+00:00\" \/>\n<meta name=\"twitter:card\" content=\"summary_large_image\" \/>\n<meta name=\"twitter:site\" content=\"@orcaspower\" \/>\n<meta name=\"twitter:label1\" content=\"Est. reading time\" \/>\n\t<meta name=\"twitter:data1\" content=\"1 minuto\" \/>\n<script type=\"application\/ld+json\" class=\"yoast-schema-graph\">{\"@context\":\"https:\/\/schema.org\",\"@graph\":[{\"@type\":\"WebPage\",\"@id\":\"https:\/\/www.opalco.com\/save\/residential-rebates\/ev-charging-station\/\",\"url\":\"https:\/\/www.opalco.com\/save\/residential-rebates\/ev-charging-station\/\",\"name\":\"EV Charging Station Rebate - OPALCO\",\"isPartOf\":{\"@id\":\"https:\/\/www.opalco.com\/#website\"},\"datePublished\":\"2022-03-24T02:17:13+00:00\",\"dateModified\":\"2024-06-22T06:38:24+00:00\",\"breadcrumb\":{\"@id\":\"https:\/\/www.opalco.com\/save\/residential-rebates\/ev-charging-station\/#breadcrumb\"},\"inLanguage\":\"es-ES\",\"potentialAction\":[{\"@type\":\"ReadAction\",\"target\":[\"https:\/\/www.opalco.com\/save\/residential-rebates\/ev-charging-station\/\"]}]},{\"@type\":\"BreadcrumbList\",\"@id\":\"https:\/\/www.opalco.com\/save\/residential-rebates\/ev-charging-station\/#breadcrumb\",\"itemListElement\":[{\"@type\":\"ListItem\",\"position\":1,\"name\":\"Home\",\"item\":\"https:\/\/www.opalco.com\/\"},{\"@type\":\"ListItem\",\"position\":2,\"name\":\"Save Money &#038; Energy\",\"item\":\"https:\/\/www.opalco.com\/save\/\"},{\"@type\":\"ListItem\",\"position\":3,\"name\":\"Residential Rebates\",\"item\":\"https:\/\/www.opalco.com\/save\/residential-rebates\/\"},{\"@type\":\"ListItem\",\"position\":4,\"name\":\"EV Charging Station Rebate\"}]},{\"@type\":\"WebSite\",\"@id\":\"https:\/\/www.opalco.com\/#website\",\"url\":\"https:\/\/www.opalco.com\/\",\"name\":\"OPALCO\",\"description\":\"Orcas Power &amp; Light Co-op\",\"publisher\":{\"@id\":\"https:\/\/www.opalco.com\/#organization\"},\"potentialAction\":[{\"@type\":\"SearchAction\",\"target\":{\"@type\":\"EntryPoint\",\"urlTemplate\":\"https:\/\/www.opalco.com\/?s={search_term_string}\"},\"query-input\":{\"@type\":\"PropertyValueSpecification\",\"valueRequired\":true,\"valueName\":\"search_term_string\"}}],\"inLanguage\":\"es-ES\"},{\"@type\":\"Organization\",\"@id\":\"https:\/\/www.opalco.com\/#organization\",\"name\":\"Orcas Power & Light Cooperative\",\"url\":\"https:\/\/www.opalco.com\/\",\"logo\":{\"@type\":\"ImageObject\",\"inLanguage\":\"es-ES\",\"@id\":\"https:\/\/www.opalco.com\/#\/schema\/logo\/image\/\",\"url\":\"https:\/\/www.opalco.com\/wp-content\/uploads\/2015\/10\/09-full-color-logo.jpg\",\"contentUrl\":\"https:\/\/www.opalco.com\/wp-content\/uploads\/2015\/10\/09-full-color-logo.jpg\",\"width\":788,\"height\":624,\"caption\":\"Orcas Power & Light Cooperative\"},\"image\":{\"@id\":\"https:\/\/www.opalco.com\/#\/schema\/logo\/image\/\"},\"sameAs\":[\"https:\/\/www.facebook.com\/orcaspower\",\"https:\/\/x.com\/orcaspower\"]}]}<\/script>\n<!-- \/ Yoast SEO plugin. -->","yoast_head_json":{"title":"Reembolso por estaci\u00f3n de carga para veh\u00edculos el\u00e9ctricos - OPALCO","robots":{"index":"index","follow":"follow","max-snippet":"max-snippet:-1","max-image-preview":"max-image-preview:large","max-video-preview":"max-video-preview:-1"},"canonical":"https:\/\/www.opalco.com\/es\/ahorrar\/reembolsos-residenciales\/estacion-de-carga-para-vehiculos-electricos\/","og_locale":"es_ES","og_type":"article","og_title":"EV Charging Station Rebate - OPALCO","og_url":"https:\/\/www.opalco.com\/es\/ahorrar\/reembolsos-residenciales\/estacion-de-carga-para-vehiculos-electricos\/","og_site_name":"OPALCO","article_publisher":"https:\/\/www.facebook.com\/orcaspower","article_modified_time":"2024-06-22T06:38:24+00:00","twitter_card":"summary_large_image","twitter_site":"@orcaspower","twitter_misc":{"Est. reading time":"1 minuto"},"schema":{"@context":"https:\/\/schema.org","@graph":[{"@type":"WebPage","@id":"https:\/\/www.opalco.com\/save\/residential-rebates\/ev-charging-station\/","url":"https:\/\/www.opalco.com\/save\/residential-rebates\/ev-charging-station\/","name":"Reembolso por estaci\u00f3n de carga para veh\u00edculos el\u00e9ctricos - OPALCO","isPartOf":{"@id":"https:\/\/www.opalco.com\/#website"},"datePublished":"2022-03-24T02:17:13+00:00","dateModified":"2024-06-22T06:38:24+00:00","breadcrumb":{"@id":"https:\/\/www.opalco.com\/save\/residential-rebates\/ev-charging-station\/#breadcrumb"},"inLanguage":"es-ES","potentialAction":[{"@type":"ReadAction","target":["https:\/\/www.opalco.com\/save\/residential-rebates\/ev-charging-station\/"]}]},{"@type":"BreadcrumbList","@id":"https:\/\/www.opalco.com\/save\/residential-rebates\/ev-charging-station\/#breadcrumb","itemListElement":[{"@type":"ListItem","position":1,"name":"Home","item":"https:\/\/www.opalco.com\/"},{"@type":"ListItem","position":2,"name":"Save Money &#038; Energy","item":"https:\/\/www.opalco.com\/save\/"},{"@type":"ListItem","position":3,"name":"Residential Rebates","item":"https:\/\/www.opalco.com\/save\/residential-rebates\/"},{"@type":"ListItem","position":4,"name":"EV Charging Station Rebate"}]},{"@type":"WebSite","@id":"https:\/\/www.opalco.com\/#website","url":"https:\/\/www.opalco.com\/","name":"OPALCO","description":"Cooperativa de energ\u00eda y luz Orcas","publisher":{"@id":"https:\/\/www.opalco.com\/#organization"},"potentialAction":[{"@type":"SearchAction","target":{"@type":"EntryPoint","urlTemplate":"https:\/\/www.opalco.com\/?s={search_term_string}"},"query-input":{"@type":"PropertyValueSpecification","valueRequired":true,"valueName":"search_term_string"}}],"inLanguage":"es-ES"},{"@type":"Organization","@id":"https:\/\/www.opalco.com\/#organization","name":"Cooperativa de energ\u00eda y luz Orcas","url":"https:\/\/www.opalco.com\/","logo":{"@type":"ImageObject","inLanguage":"es-ES","@id":"https:\/\/www.opalco.com\/#\/schema\/logo\/image\/","url":"https:\/\/www.opalco.com\/wp-content\/uploads\/2015\/10\/09-full-color-logo.jpg","contentUrl":"https:\/\/www.opalco.com\/wp-content\/uploads\/2015\/10\/09-full-color-logo.jpg","width":788,"height":624,"caption":"Orcas Power & Light Cooperative"},"image":{"@id":"https:\/\/www.opalco.com\/#\/schema\/logo\/image\/"},"sameAs":["https:\/\/www.facebook.com\/orcaspower","https:\/\/x.com\/orcaspower"]}]}},"_links":{"self":[{"href":"https:\/\/www.opalco.com\/es\/wp-json\/wp\/v2\/pages\/15609","targetHints":{"allow":["GET"]}}],"collection":[{"href":"https:\/\/www.opalco.com\/es\/wp-json\/wp\/v2\/pages"}],"about":[{"href":"https:\/\/www.opalco.com\/es\/wp-json\/wp\/v2\/types\/page"}],"author":[{"embeddable":true,"href":"https:\/\/www.opalco.com\/es\/wp-json\/wp\/v2\/users\/1"}],"replies":[{"embeddable":true,"href":"https:\/\/www.opalco.com\/es\/wp-json\/wp\/v2\/comments?post=15609"}],"version-history":[{"count":11,"href":"https:\/\/www.opalco.com\/es\/wp-json\/wp\/v2\/pages\/15609\/revisions"}],"predecessor-version":[{"id":21460,"href":"https:\/\/www.opalco.com\/es\/wp-json\/wp\/v2\/pages\/15609\/revisions\/21460"}],"up":[{"embeddable":true,"href":"https:\/\/www.opalco.com\/es\/wp-json\/wp\/v2\/pages\/15599"}],"wp:attachment":[{"href":"https:\/\/www.opalco.com\/es\/wp-json\/wp\/v2\/media?parent=15609"}],"curies":[{"name":"gracias","href":"https:\/\/api.w.org\/{rel}","templated":true}]}}